{"id":60,"date":"2017-01-02T00:02:35","date_gmt":"2017-01-01T23:02:35","guid":{"rendered":"http:\/\/karla-sachse.de\/wordpress\/?page_id=60"},"modified":"2017-11-23T11:39:28","modified_gmt":"2017-11-23T10:39:28","slug":"staatsreserve","status":"publish","type":"page","link":"https:\/\/karla-sachse.de\/en\/raeume-2\/staatsreserve\/","title":{"rendered":"State reserve"},"content":{"rendered":"<img loading=\"lazy\" class=\"alignnone wp-image-61 size-full\" src=\"https:\/\/karla-sachse.de\/wordpress\/wp-content\/uploads\/2017\/03\/16-1_Staatsreserve.jpg\" alt=\"\" width=\"1000\" height=\"961\" srcset=\"https:\/\/karla-sachse.de\/wp-content\/uploads\/2017\/03\/16-1_Staatsreserve.jpg 1000w, https:\/\/karla-sachse.de\/wp-content\/uploads\/2017\/03\/16-1_Staatsreserve-300x288.jpg 300w, https:\/\/karla-sachse.de\/wp-content\/uploads\/2017\/03\/16-1_Staatsreserve-768x738.jpg 768w, https:\/\/karla-sachse.de\/wp-content\/uploads\/2017\/03\/16-1_Staatsreserve-100x96.jpg 100w\" sizes=\"(max-width: 1000px) 100vw, 1000px\" \/> <img loading=\"lazy\" class=\"alignnone wp-image-63\" src=\"https:\/\/karla-sachse.de\/wordpress\/wp-content\/uploads\/2017\/03\/16-3_Staatsreserve-220x300.jpg\" alt=\"\" width=\"211\" height=\"288\" srcset=\"https:\/\/karla-sachse.de\/wp-content\/uploads\/2017\/03\/16-3_Staatsreserve-220x300.jpg 220w, https:\/\/karla-sachse.de\/wp-content\/uploads\/2017\/03\/16-3_Staatsreserve-70x96.jpg 70w, https:\/\/karla-sachse.de\/wp-content\/uploads\/2017\/03\/16-3_Staatsreserve.jpg 733w\" sizes=\"(max-width: 211px) 100vw, 211px\" \/><\/p>\n<p>&nbsp;<\/p>\n<p>We knew where the Swedish trucks were driving up at night and were<br \/>\nloaded with antiquarian goods \u2013 for hard foreign currencies.<br \/>\nThe extent of this cultural sell-out we never will know.<\/p>\n<p>Forty preserving glasses filled with papers from the shredding machine<br \/>\nof the Antiquities Depot M\u00f6nchm\u00fchle, B\u00fcrgerhaus Gr\u00fcnau, Berlin 1992","protected":false},"excerpt":{"rendered":"<p>&nbsp; We knew where the Swedish trucks were driving up at night and were loaded with antiquarian goods \u2013 for hard foreign currencies. The extent of this cultural sell-out we never will know. Forty preserving glasses filled with papers from the shredding machine of the Antiquities Depot M\u00f6nchm\u00fchle, B\u00fcrgerhaus Gr\u00fcnau, Berlin 1992<\/p>\n","protected":false},"author":1,"featured_media":730,"parent":298,"menu_order":0,"comment_status":"closed","ping_status":"closed","template":"","meta":[],"yoast_head":"<!-- This site is optimized with the Yoast SEO plugin v19.1 - https:\/\/yoast.com\/wordpress\/plugins\/seo\/ -->\n<title>State reserve - Karla Sachse<\/title>\n<meta name=\"robots\" content=\"index, follow, max-snippet:-1, max-image-preview:large, max-video-preview:-1\" \/>\n<link rel=\"canonical\" href=\"https:\/\/karla-sachse.de\/raeume-2\/staatsreserve\/\" \/>\n<meta property=\"og:locale\" content=\"en_US\" \/>\n<meta property=\"og:type\" content=\"article\" \/>\n<meta property=\"og:title\" content=\"[:de]Staatsreserve[:en]State reserve[:] - Karla Sachse\" \/>\n<meta property=\"og:description\" content=\"&nbsp; We knew where the Swedish trucks were driving up at night and were loaded with antiquarian goods \u2013 for hard foreign currencies. The extent of this cultural sell-out we never will know. Forty preserving glasses filled with papers from the shredding machine of the Antiquities Depot M\u00f6nchm\u00fchle, B\u00fcrgerhaus Gr\u00fcnau, Berlin 1992\" \/>\n<meta property=\"og:url\" content=\"https:\/\/karla-sachse.de\/raeume-2\/staatsreserve\/\" \/>\n<meta property=\"og:site_name\" content=\"Karla Sachse\" \/>\n<meta property=\"article:modified_time\" content=\"2017-11-23T10:39:28+00:00\" \/>\n<meta property=\"og:image\" content=\"https:\/\/karla-sachse.de\/wp-content\/uploads\/2017\/09\/1-16_Staatsreserve.jpg\" \/>\n\t<meta property=\"og:image:width\" content=\"400\" \/>\n\t<meta property=\"og:image:height\" content=\"400\" \/>\n\t<meta property=\"og:image:type\" content=\"image\/jpeg\" \/>\n<meta name=\"twitter:card\" content=\"summary_large_image\" \/>\n<meta name=\"twitter:label1\" content=\"Est. reading time\" \/>\n\t<meta name=\"twitter:data1\" content=\"1 minute\" \/>\n<script type=\"application\/ld+json\" class=\"yoast-schema-graph\">{\"@context\":\"https:\/\/schema.org\",\"@graph\":[{\"@type\":[\"Person\",\"Organization\"],\"@id\":\"https:\/\/karla-sachse.de\/#\/schema\/person\/7e46a663fd5600591fc3272ccb979174\",\"name\":\"Karla\",\"image\":{\"@type\":\"ImageObject\",\"inLanguage\":\"en-US\",\"@id\":\"https:\/\/karla-sachse.de\/#\/schema\/person\/image\/\",\"url\":\"https:\/\/secure.gravatar.com\/avatar\/9504907eb85b5ccdf8ccc15e03d6e995?s=96&d=mm&r=g\",\"contentUrl\":\"https:\/\/secure.gravatar.com\/avatar\/9504907eb85b5ccdf8ccc15e03d6e995?s=96&d=mm&r=g\",\"caption\":\"Karla\"},\"logo\":{\"@id\":\"https:\/\/karla-sachse.de\/#\/schema\/person\/image\/\"},\"sameAs\":[\"https:\/\/de.wikipedia.org\/wiki\/Karla_Sachse\"]},{\"@type\":\"WebSite\",\"@id\":\"https:\/\/karla-sachse.de\/#website\",\"url\":\"https:\/\/karla-sachse.de\/\",\"name\":\"Karla Sachse\",\"description\":\"\",\"publisher\":{\"@id\":\"https:\/\/karla-sachse.de\/#\/schema\/person\/7e46a663fd5600591fc3272ccb979174\"},\"potentialAction\":[{\"@type\":\"SearchAction\",\"target\":{\"@type\":\"EntryPoint\",\"urlTemplate\":\"https:\/\/karla-sachse.de\/?s={search_term_string}\"},\"query-input\":\"required name=search_term_string\"}],\"inLanguage\":\"en-US\"},{\"@type\":\"ImageObject\",\"inLanguage\":\"en-US\",\"@id\":\"https:\/\/karla-sachse.de\/raeume-2\/staatsreserve\/#primaryimage\",\"url\":\"https:\/\/karla-sachse.de\/wp-content\/uploads\/2017\/09\/1-16_Staatsreserve.jpg\",\"contentUrl\":\"https:\/\/karla-sachse.de\/wp-content\/uploads\/2017\/09\/1-16_Staatsreserve.jpg\",\"width\":400,\"height\":400},{\"@type\":\"WebPage\",\"@id\":\"https:\/\/karla-sachse.de\/raeume-2\/staatsreserve\/#webpage\",\"url\":\"https:\/\/karla-sachse.de\/raeume-2\/staatsreserve\/\",\"name\":\"[:de]Staatsreserve[:en]State reserve[:] - Karla Sachse\",\"isPartOf\":{\"@id\":\"https:\/\/karla-sachse.de\/#website\"},\"primaryImageOfPage\":{\"@id\":\"https:\/\/karla-sachse.de\/raeume-2\/staatsreserve\/#primaryimage\"},\"datePublished\":\"2017-01-01T23:02:35+00:00\",\"dateModified\":\"2017-11-23T10:39:28+00:00\",\"breadcrumb\":{\"@id\":\"https:\/\/karla-sachse.de\/raeume-2\/staatsreserve\/#breadcrumb\"},\"inLanguage\":\"en-US\",\"potentialAction\":[{\"@type\":\"ReadAction\",\"target\":[\"https:\/\/karla-sachse.de\/raeume-2\/staatsreserve\/\"]}]},{\"@type\":\"BreadcrumbList\",\"@id\":\"https:\/\/karla-sachse.de\/raeume-2\/staatsreserve\/#breadcrumb\",\"itemListElement\":[{\"@type\":\"ListItem\",\"position\":1,\"name\":\"Startseite\",\"item\":\"https:\/\/karla-sachse.de\/\"},{\"@type\":\"ListItem\",\"position\":2,\"name\":\"R\u00e4ume\",\"item\":\"https:\/\/karla-sachse.de\/raeume-2\/\"},{\"@type\":\"ListItem\",\"position\":3,\"name\":\"Staatsreserve\"}]}]}<\/script>\n<!-- \/ Yoast SEO plugin. -->","yoast_head_json":{"title":"[:de]Staatsreserve[:en]State reserve[:] - Karla Sachse","robots":{"index":"index","follow":"follow","max-snippet":"max-snippet:-1","max-image-preview":"max-image-preview:large","max-video-preview":"max-video-preview:-1"},"canonical":"https:\/\/karla-sachse.de\/raeume-2\/staatsreserve\/","og_locale":"en_US","og_type":"article","og_title":"[:de]Staatsreserve[:en]State reserve[:] - Karla Sachse","og_description":"&nbsp; We knew where the Swedish trucks were driving up at night and were loaded with antiquarian goods \u2013 for hard foreign currencies. The extent of this cultural sell-out we never will know. Forty preserving glasses filled with papers from the shredding machine of the Antiquities Depot M\u00f6nchm\u00fchle, B\u00fcrgerhaus Gr\u00fcnau, Berlin 1992","og_url":"https:\/\/karla-sachse.de\/raeume-2\/staatsreserve\/","og_site_name":"Karla Sachse","article_modified_time":"2017-11-23T10:39:28+00:00","og_image":[{"width":400,"height":400,"url":"https:\/\/karla-sachse.de\/wp-content\/uploads\/2017\/09\/1-16_Staatsreserve.jpg","type":"image\/jpeg"}],"twitter_card":"summary_large_image","twitter_misc":{"Est. reading time":"1 minute"},"schema":{"@context":"https:\/\/schema.org","@graph":[{"@type":["Person","Organization"],"@id":"https:\/\/karla-sachse.de\/#\/schema\/person\/7e46a663fd5600591fc3272ccb979174","name":"Karla","image":{"@type":"ImageObject","inLanguage":"en-US","@id":"https:\/\/karla-sachse.de\/#\/schema\/person\/image\/","url":"https:\/\/secure.gravatar.com\/avatar\/9504907eb85b5ccdf8ccc15e03d6e995?s=96&d=mm&r=g","contentUrl":"https:\/\/secure.gravatar.com\/avatar\/9504907eb85b5ccdf8ccc15e03d6e995?s=96&d=mm&r=g","caption":"Karla"},"logo":{"@id":"https:\/\/karla-sachse.de\/#\/schema\/person\/image\/"},"sameAs":["https:\/\/de.wikipedia.org\/wiki\/Karla_Sachse"]},{"@type":"WebSite","@id":"https:\/\/karla-sachse.de\/#website","url":"https:\/\/karla-sachse.de\/","name":"Karla Sachse","description":"","publisher":{"@id":"https:\/\/karla-sachse.de\/#\/schema\/person\/7e46a663fd5600591fc3272ccb979174"},"potentialAction":[{"@type":"SearchAction","target":{"@type":"EntryPoint","urlTemplate":"https:\/\/karla-sachse.de\/?s={search_term_string}"},"query-input":"required name=search_term_string"}],"inLanguage":"en-US"},{"@type":"ImageObject","inLanguage":"en-US","@id":"https:\/\/karla-sachse.de\/raeume-2\/staatsreserve\/#primaryimage","url":"https:\/\/karla-sachse.de\/wp-content\/uploads\/2017\/09\/1-16_Staatsreserve.jpg","contentUrl":"https:\/\/karla-sachse.de\/wp-content\/uploads\/2017\/09\/1-16_Staatsreserve.jpg","width":400,"height":400},{"@type":"WebPage","@id":"https:\/\/karla-sachse.de\/raeume-2\/staatsreserve\/#webpage","url":"https:\/\/karla-sachse.de\/raeume-2\/staatsreserve\/","name":"[:de]Staatsreserve[:en]State reserve[:] - Karla Sachse","isPartOf":{"@id":"https:\/\/karla-sachse.de\/#website"},"primaryImageOfPage":{"@id":"https:\/\/karla-sachse.de\/raeume-2\/staatsreserve\/#primaryimage"},"datePublished":"2017-01-01T23:02:35+00:00","dateModified":"2017-11-23T10:39:28+00:00","breadcrumb":{"@id":"https:\/\/karla-sachse.de\/raeume-2\/staatsreserve\/#breadcrumb"},"inLanguage":"en-US","potentialAction":[{"@type":"ReadAction","target":["https:\/\/karla-sachse.de\/raeume-2\/staatsreserve\/"]}]},{"@type":"BreadcrumbList","@id":"https:\/\/karla-sachse.de\/raeume-2\/staatsreserve\/#breadcrumb","itemListElement":[{"@type":"ListItem","position":1,"name":"Startseite","item":"https:\/\/karla-sachse.de\/"},{"@type":"ListItem","position":2,"name":"R\u00e4ume","item":"https:\/\/karla-sachse.de\/raeume-2\/"},{"@type":"ListItem","position":3,"name":"Staatsreserve"}]}]}},"_links":{"self":[{"href":"https:\/\/karla-sachse.de\/en\/wp-json\/wp\/v2\/pages\/60"}],"collection":[{"href":"https:\/\/karla-sachse.de\/en\/wp-json\/wp\/v2\/pages"}],"about":[{"href":"https:\/\/karla-sachse.de\/en\/wp-json\/wp\/v2\/types\/page"}],"author":[{"embeddable":true,"href":"https:\/\/karla-sachse.de\/en\/wp-json\/wp\/v2\/users\/1"}],"replies":[{"embeddable":true,"href":"https:\/\/karla-sachse.de\/en\/wp-json\/wp\/v2\/comments?post=60"}],"version-history":[{"count":4,"href":"https:\/\/karla-sachse.de\/en\/wp-json\/wp\/v2\/pages\/60\/revisions"}],"predecessor-version":[{"id":1198,"href":"https:\/\/karla-sachse.de\/en\/wp-json\/wp\/v2\/pages\/60\/revisions\/1198"}],"up":[{"embeddable":true,"href":"https:\/\/karla-sachse.de\/en\/wp-json\/wp\/v2\/pages\/298"}],"wp:featuredmedia":[{"embeddable":true,"href":"https:\/\/karla-sachse.de\/en\/wp-json\/wp\/v2\/media\/730"}],"wp:attachment":[{"href":"https:\/\/karla-sachse.de\/en\/wp-json\/wp\/v2\/media?parent=60"}],"curies":[{"name":"wp","href":"https:\/\/api.w.org\/{rel}","templated":true}]}}